{"id":12,"date":"2019-05-02T11:08:30","date_gmt":"2019-05-02T09:08:30","guid":{"rendered":"https:\/\/joatmon.tietotoimisto.net\/?page_id=12"},"modified":"2021-04-21T11:55:17","modified_gmt":"2021-04-21T09:55:17","slug":"kirjoittaja-on-jokapaikan-hoyla","status":"publish","type":"page","link":"https:\/\/joatmon.tietotoimisto.net\/index.php\/kirjoittaja-on-jokapaikan-hoyla\/","title":{"rendered":"Kirjoittaja on jokapaikan h\u00f6yl\u00e4"},"content":{"rendered":"\n<p>Erityisperheen aikuinen, joka tekee t\u00f6it\u00e4 ep\u00e4s\u00e4\u00e4nn\u00f6llisiss\u00e4 ty\u00f6vuoroissa. Terveydenhuollon ammattilainen joka harrastaa vaikuttamista.<\/p>\n","protected":false},"excerpt":{"rendered":"<p>Erityisperheen aikuinen, joka tekee t\u00f6it\u00e4 ep\u00e4s\u00e4\u00e4nn\u00f6llisiss\u00e4 ty\u00f6vuoroissa. Terveydenhuollon ammattilainen joka harrastaa vaikuttamista.<\/p>\n","protected":false},"author":1,"featured_media":0,"parent":0,"menu_order":0,"comment_status":"closed","ping_status":"closed","template":"","meta":{"footnotes":""},"class_list":["post-12","page","type-page","status-publish","hentry"],"_links":{"self":[{"href":"https:\/\/joatmon.tietotoimisto.net\/index.php\/wp-json\/wp\/v2\/pages\/12","targetHints":{"allow":["GET"]}}],"collection":[{"href":"https:\/\/joatmon.tietotoimisto.net\/index.php\/wp-json\/wp\/v2\/pages"}],"about":[{"href":"https:\/\/joatmon.tietotoimisto.net\/index.php\/wp-json\/wp\/v2\/types\/page"}],"author":[{"embeddable":true,"href":"https:\/\/joatmon.tietotoimisto.net\/index.php\/wp-json\/wp\/v2\/users\/1"}],"replies":[{"embeddable":true,"href":"https:\/\/joatmon.tietotoimisto.net\/index.php\/wp-json\/wp\/v2\/comments?post=12"}],"version-history":[{"count":4,"href":"https:\/\/joatmon.tietotoimisto.net\/index.php\/wp-json\/wp\/v2\/pages\/12\/revisions"}],"predecessor-version":[{"id":135,"href":"https:\/\/joatmon.tietotoimisto.net\/index.php\/wp-json\/wp\/v2\/pages\/12\/revisions\/135"}],"wp:attachment":[{"href":"https:\/\/joatmon.tietotoimisto.net\/index.php\/wp-json\/wp\/v2\/media?parent=12"}],"curies":[{"name":"wp","href":"https:\/\/api.w.org\/{rel}","templated":true}]}}